{"id":610,"date":"2018-03-18T21:34:57","date_gmt":"2018-03-18T20:34:57","guid":{"rendered":"https:\/\/www.campus-esi.fr\/?page_id=610"},"modified":"2022-10-02T22:38:22","modified_gmt":"2022-10-02T20:38:22","slug":"mentions-legales","status":"publish","type":"page","link":"https:\/\/www.campus-esi.fr\/?page_id=610","title":{"rendered":"Mentions l\u00e9gales"},"content":{"rendered":"<p>Le site https:\/\/www.campus-esi.fr et son activit\u00e9 sont un service de CEUSI SASU, au capital de 500 \u20ac, entreprise immatricul\u00e9e au RCS de Paris sous le num\u00e9ro 820 115 160, dont le si\u00e8ge social est sis au 101 avenue du G\u00e9n\u00e9ral Leclerc 75685 Paris CEDEX 14. N\u00b0 de TVA intracommunautaire : FR 50 820115 160.<br \/>\nDirecteur de la publication : Larbi ZEBDI, Pr\u00e9sident de CEUSI SASU, joignable \u00e0 l&rsquo;adresse contact@ceusi.fr .<br \/>\nLe site est h\u00e9berg\u00e9 par OVH &#8211; 2 rue Kellermann BP 80157 59053 ROUBAIX CEDEX 1 &#8211; France.<br \/>\nLes informations concernant la collecte et le traitement des donn\u00e9es personnelles (politique et d\u00e9claration) sont fournies dans la charte de donn\u00e9es personnelles du site.<\/p>\n","protected":false},"excerpt":{"rendered":"<p>Le site https:\/\/www.campus-esi.fr et son activit\u00e9 sont un service de CEUSI SASU, au capital de 500 \u20ac, entreprise immatricul\u00e9e au RCS de Paris sous le num\u00e9ro 820 115 160, dont le si\u00e8ge social est sis au 101 avenue du G\u00e9n\u00e9ral Leclerc 75685 Paris CEDEX 14. N\u00b0 de TVA intracommunautaire : FR 50 820115 160. Directeur <a href=\"https:\/\/www.campus-esi.fr\/?page_id=610\" rel=\"nofollow\"><span class=\"sr-only\">En savoir plus surMentions l\u00e9gales<\/span>[&hellip;]<\/a><\/p>\n","protected":false},"author":1,"featured_media":0,"parent":0,"menu_order":0,"comment_status":"closed","ping_status":"closed","template":"","meta":[],"_links":{"self":[{"href":"https:\/\/www.campus-esi.fr\/index.php?rest_route=\/wp\/v2\/pages\/610"}],"collection":[{"href":"https:\/\/www.campus-esi.fr\/index.php?rest_route=\/wp\/v2\/pages"}],"about":[{"href":"https:\/\/www.campus-esi.fr\/index.php?rest_route=\/wp\/v2\/types\/page"}],"author":[{"embeddable":true,"href":"https:\/\/www.campus-esi.fr\/index.php?rest_route=\/wp\/v2\/users\/1"}],"replies":[{"embeddable":true,"href":"https:\/\/www.campus-esi.fr\/index.php?rest_route=%2Fwp%2Fv2%2Fcomments&post=610"}],"version-history":[{"count":4,"href":"https:\/\/www.campus-esi.fr\/index.php?rest_route=\/wp\/v2\/pages\/610\/revisions"}],"predecessor-version":[{"id":3628,"href":"https:\/\/www.campus-esi.fr\/index.php?rest_route=\/wp\/v2\/pages\/610\/revisions\/3628"}],"wp:attachment":[{"href":"https:\/\/www.campus-esi.fr\/index.php?rest_route=%2Fwp%2Fv2%2Fmedia&parent=610"}],"curies":[{"name":"wp","href":"https:\/\/api.w.org\/{rel}","templated":true}]}}